{"id":668,"date":"2026-02-05T09:42:26","date_gmt":"2026-02-05T07:42:26","guid":{"rendered":"https:\/\/www.eestisai.ee\/?page_id=668"},"modified":"2026-02-17T08:31:47","modified_gmt":"2026-02-17T08:31:47","slug":"contact-us","status":"publish","type":"page","link":"https:\/\/eestisai.ee\/en\/contact-us\/","title":{"rendered":"Contact Us"},"content":{"rendered":"\t\t<div data-elementor-type=\"wp-page\" data-elementor-id=\"668\" class=\"elementor elementor-668 elementor-37\" data-elementor-post-type=\"page\">\n\t\t\t\t<div class=\"elementor-element elementor-element-46557424 e-flex e-con-boxed e-con e-parent\" data-id=\"46557424\" data-element_type=\"container\" data-e-type=\"container\">\n\t\t\t\t\t<div class=\"e-con-inner\">\n\t\t<div class=\"elementor-element elementor-element-278be22c e-con-full e-flex e-con e-child\" data-id=\"278be22c\" data-element_type=\"container\" data-e-type=\"container\" data-settings=\"{&quot;background_background&quot;:&quot;classic&quot;}\">\n\t\t\t\t<\/div>\n\t\t\t\t\t<\/div>\n\t\t\t\t<\/div>\n\t\t<div class=\"elementor-element elementor-element-77309503 e-flex e-con-boxed e-con e-parent\" data-id=\"77309503\" data-element_type=\"container\" data-e-type=\"container\">\n\t\t\t\t\t<div class=\"e-con-inner\">\n\t\t\t\t<div class=\"elementor-element elementor-element-308279e elementor-widget elementor-widget-heading\" data-id=\"308279e\" data-element_type=\"widget\" data-e-type=\"widget\" data-widget_type=\"heading.default\">\n\t\t\t\t\t<h1 class=\"elementor-heading-title elementor-size-default\">Contact Us<\/h1>\t\t\t\t<\/div>\n\t\t<div class=\"elementor-element elementor-element-9df977e e-con-full e-flex e-con e-child\" data-id=\"9df977e\" data-element_type=\"container\" data-e-type=\"container\">\n\t\t<div class=\"elementor-element elementor-element-70cf993 e-con-full e-flex e-con e-child\" data-id=\"70cf993\" data-element_type=\"container\" data-e-type=\"container\">\n\t\t\t\t<div class=\"elementor-element elementor-element-3ee930b elementor-widget elementor-widget-heading\" data-id=\"3ee930b\" data-element_type=\"widget\" data-e-type=\"widget\" data-widget_type=\"heading.default\">\n\t\t\t\t\t<h4 class=\"elementor-heading-title elementor-size-default\">Eesti Sai O\u00dc<\/h4>\t\t\t\t<\/div>\n\t\t\t\t<div class=\"elementor-element elementor-element-3427c66 elementor-widget elementor-widget-text-editor\" data-id=\"3427c66\" data-element_type=\"widget\" data-e-type=\"widget\" data-widget_type=\"text-editor.default\">\n\t\t\t\t\t\t\t\t\t<p>Office, production and Invoicing address:<br \/>Koplipere tee 29 Rae, Rae vald, 75310, Harjumaa, Estonia<br \/>Mob.: +372 555 67 416<br \/>E-mail: <a href=\"mailto:info@eestisai.ee\">info(at)eestisai.ee<\/a><\/p><p>VAT:\u00a0EE101145686<br \/>Registration nr.: 11384707<br \/>Bank account: SWEDBANK<br \/>BIC \/ SWIFT code: HABAEE2X<br \/>IBAN account: EE982200221059065079<\/p>\t\t\t\t\t\t\t\t<\/div>\n\t\t\t\t<\/div>\n\t\t<div class=\"elementor-element elementor-element-acfc9dd e-con-full e-flex e-con e-child\" data-id=\"acfc9dd\" data-element_type=\"container\" data-e-type=\"container\">\n\t\t\t\t<div class=\"elementor-element elementor-element-0fe200c elementor-widget elementor-widget-heading\" data-id=\"0fe200c\" data-element_type=\"widget\" data-e-type=\"widget\" data-widget_type=\"heading.default\">\n\t\t\t\t\t<h4 class=\"elementor-heading-title elementor-size-default\">Sales Director<\/h4>\t\t\t\t<\/div>\n\t\t\t\t<div class=\"elementor-element elementor-element-09e4aa0 elementor-widget elementor-widget-text-editor\" data-id=\"09e4aa0\" data-element_type=\"widget\" data-e-type=\"widget\" data-widget_type=\"text-editor.default\">\n\t\t\t\t\t\t\t\t\t<p><strong>Priit Pettai<\/strong><br \/>Mob.: +372 5554 6007<br \/>E-mail: <a href=\"mailto:priit@eestisai.ee\">priit(at)eestisai.ee<\/a><\/p>\t\t\t\t\t\t\t\t<\/div>\n\t\t\t\t<\/div>\n\t\t<div class=\"elementor-element elementor-element-17c9d14 e-con-full e-flex e-con e-child\" data-id=\"17c9d14\" data-element_type=\"container\" data-e-type=\"container\">\n\t\t\t\t<div class=\"elementor-element elementor-element-ea9773b elementor-widget elementor-widget-heading\" data-id=\"ea9773b\" data-element_type=\"widget\" data-e-type=\"widget\" data-widget_type=\"heading.default\">\n\t\t\t\t\t<h4 class=\"elementor-heading-title elementor-size-default\">Production Manager \/ Member of Board<\/h4>\t\t\t\t<\/div>\n\t\t\t\t<div class=\"elementor-element elementor-element-e5a9eae elementor-widget elementor-widget-text-editor\" data-id=\"e5a9eae\" data-element_type=\"widget\" data-e-type=\"widget\" data-widget_type=\"text-editor.default\">\n\t\t\t\t\t\t\t\t\t<p><strong>Timmo P\u00f5der<\/strong><br \/>Mob.: +372 564 88 383<br \/>E-mail:\u00a0<a href=\"mailto:timmo@eestisai.ee\">timmo(at)eestisai.ee<\/a><\/p>\t\t\t\t\t\t\t\t<\/div>\n\t\t\t\t<\/div>\n\t\t\t\t<\/div>\n\t\t\t\t\t<\/div>\n\t\t\t\t<\/div>\n\t\t<div class=\"elementor-element elementor-element-6e75adb e-flex e-con-boxed e-con e-parent\" data-id=\"6e75adb\" data-element_type=\"container\" data-e-type=\"container\" data-settings=\"{&quot;background_background&quot;:&quot;classic&quot;}\">\n\t\t\t\t\t<div class=\"e-con-inner\">\n\t\t<div class=\"elementor-element elementor-element-4ce12f7 e-con-full e-flex e-con e-child\" data-id=\"4ce12f7\" data-element_type=\"container\" data-e-type=\"container\">\n\t\t\t\t<div class=\"elementor-element elementor-element-1f77449 elementor-widget elementor-widget-google_maps\" data-id=\"1f77449\" data-element_type=\"widget\" data-e-type=\"widget\" data-widget_type=\"google_maps.default\">\n\t\t\t\t\t\t\t<div class=\"elementor-custom-embed\">\n\t\t\t<iframe loading=\"lazy\"\n\t\t\t\t\tsrc=\"https:\/\/maps.google.com\/maps?q=Eesti%20sai&#038;t=m&#038;z=14&#038;output=embed&#038;iwloc=near\"\n\t\t\t\t\ttitle=\"Eesti sai\"\n\t\t\t\t\taria-label=\"Eesti sai\"\n\t\t\t><\/iframe>\n\t\t<\/div>\n\t\t\t\t\t\t<\/div>\n\t\t\t\t<\/div>\n\t\t<div class=\"elementor-element elementor-element-c803df8 e-con-full e-flex e-con e-child\" data-id=\"c803df8\" data-element_type=\"container\" data-e-type=\"container\">\n\t\t\t\t<div class=\"elementor-element elementor-element-1971a7e elementor-widget elementor-widget-heading\" data-id=\"1971a7e\" data-element_type=\"widget\" data-e-type=\"widget\" data-widget_type=\"heading.default\">\n\t\t\t\t\t<h2 class=\"elementor-heading-title elementor-size-default\">Reach Out to Us<\/h2>\t\t\t\t<\/div>\n\t\t\t\t<div class=\"elementor-element elementor-element-86ed71f elementor-widget elementor-widget-text-editor\" data-id=\"86ed71f\" data-element_type=\"widget\" data-e-type=\"widget\" data-widget_type=\"text-editor.default\">\n\t\t\t\t\t\t\t\t\t<p class=\"p1\">If you have any questions or feedback, please fill out the form below.<\/p>\t\t\t\t\t\t\t\t<\/div>\n\t\t\t\t<div class=\"elementor-element elementor-element-699ac21 elementor-button-align-stretch elementor-widget elementor-widget-form\" data-id=\"699ac21\" data-element_type=\"widget\" data-e-type=\"widget\" data-settings=\"{&quot;button_width&quot;:&quot;30&quot;,&quot;step_next_label&quot;:&quot;Next&quot;,&quot;step_previous_label&quot;:&quot;Previous&quot;,&quot;step_type&quot;:&quot;number_text&quot;,&quot;step_icon_shape&quot;:&quot;circle&quot;}\" data-widget_type=\"form.default\">\n\t\t\t\t\t\t\t<form class=\"elementor-form\" method=\"post\" name=\"Kontakt\" aria-label=\"Kontakt\">\n\t\t\t<input type=\"hidden\" name=\"post_id\" value=\"668\"\/>\n\t\t\t<input type=\"hidden\" name=\"form_id\" value=\"699ac21\"\/>\n\t\t\t<input type=\"hidden\" name=\"referer_title\" value=\"Contact Us | Eesti Sai\" \/>\n\n\t\t\t\t\t\t\t<input type=\"hidden\" name=\"queried_id\" value=\"668\"\/>\n\t\t\t\n\t\t\t<div class=\"elementor-form-fields-wrapper elementor-labels-\">\n\t\t\t\t\t\t\t\t<div class=\"elementor-field-type-text elementor-field-group elementor-column elementor-field-group-name elementor-col-100\">\n\t\t\t\t\t\t\t\t\t\t\t\t<label for=\"form-field-name\" class=\"elementor-field-label elementor-screen-only\">\n\t\t\t\t\t\t\t\tName\t\t\t\t\t\t\t<\/label>\n\t\t\t\t\t\t\t\t\t\t\t\t\t\t<input size=\"1\" type=\"text\" name=\"form_fields[name]\" id=\"form-field-name\" class=\"elementor-field elementor-size-sm  elementor-field-textual\" placeholder=\"Name\">\n\t\t\t\t\t\t\t\t\t\t\t<\/div>\n\t\t\t\t\t\t\t\t<div class=\"elementor-field-type-tel elementor-field-group elementor-column elementor-field-group-field_137b6a9 elementor-col-100 elementor-field-required\">\n\t\t\t\t\t\t\t\t\t\t\t\t<label for=\"form-field-field_137b6a9\" class=\"elementor-field-label elementor-screen-only\">\n\t\t\t\t\t\t\t\tPhone\t\t\t\t\t\t\t<\/label>\n\t\t\t\t\t\t\t\t<input size=\"1\" type=\"tel\" name=\"form_fields[field_137b6a9]\" id=\"form-field-field_137b6a9\" class=\"elementor-field elementor-size-sm  elementor-field-textual\" placeholder=\"Phone\" required=\"required\" pattern=\"[0-9()#&amp;+*-=.]+\" title=\"Only numbers and phone characters (#, -, *, etc) are accepted.\">\n\n\t\t\t\t\t\t<\/div>\n\t\t\t\t\t\t\t\t<div class=\"elementor-field-type-email elementor-field-group elementor-column elementor-field-group-email elementor-col-100 elementor-field-required\">\n\t\t\t\t\t\t\t\t\t\t\t\t<label for=\"form-field-email\" class=\"elementor-field-label elementor-screen-only\">\n\t\t\t\t\t\t\t\tEmail\t\t\t\t\t\t\t<\/label>\n\t\t\t\t\t\t\t\t\t\t\t\t\t\t<input size=\"1\" type=\"email\" name=\"form_fields[email]\" id=\"form-field-email\" class=\"elementor-field elementor-size-sm  elementor-field-textual\" placeholder=\"Email\" required=\"required\">\n\t\t\t\t\t\t\t\t\t\t\t<\/div>\n\t\t\t\t\t\t\t\t<div class=\"elementor-field-type-textarea elementor-field-group elementor-column elementor-field-group-message elementor-col-100\">\n\t\t\t\t\t\t\t\t\t\t\t\t<label for=\"form-field-message\" class=\"elementor-field-label elementor-screen-only\">\n\t\t\t\t\t\t\t\tInquiry\t\t\t\t\t\t\t<\/label>\n\t\t\t\t\t\t<textarea class=\"elementor-field-textual elementor-field  elementor-size-sm\" name=\"form_fields[message]\" id=\"form-field-message\" rows=\"6\" placeholder=\"Inquiry\"><\/textarea>\t\t\t\t<\/div>\n\t\t\t\t\t\t\t\t<div class=\"elementor-field-group elementor-column elementor-field-type-submit elementor-col-30 e-form__buttons\">\n\t\t\t\t\t<button class=\"elementor-button elementor-size-sm\" type=\"submit\">\n\t\t\t\t\t\t<span class=\"elementor-button-content-wrapper\">\n\t\t\t\t\t\t\t\t\t\t\t\t\t\t\t\t\t\t\t\t\t\t<span class=\"elementor-button-text\">Send<\/span>\n\t\t\t\t\t\t\t\t\t\t\t\t\t<\/span>\n\t\t\t\t\t<\/button>\n\t\t\t\t<\/div>\n\t\t\t<\/div>\n\t\t<\/form>\n\t\t\t\t\t\t<\/div>\n\t\t\t\t<\/div>\n\t\t\t\t\t<\/div>\n\t\t\t\t<\/div>\n\t\t\t\t<\/div>\n\t\t","protected":false},"excerpt":{"rendered":"<p>Eesti Sai O\u00dc Office, production and Invoicing address:Koplipere tee 29 Rae, Rae vald, 75310, Harjumaa, EstoniaMob.: +372 555 67 416E-mail: info(at)eestisai.ee VAT:\u00a0EE101145686Registration nr.: 11384707Bank account: SWEDBANKBIC \/ SWIFT code: HABAEE2XIBAN account: EE982200221059065079 Sales Director Priit PettaiMob.: +372 5554 6007E-mail: priit(at)eestisai.ee Production Manager \/ Member of Board Timmo P\u00f5derMob.: +372 564 88 383E-mail:\u00a0timmo(at)eestisai.ee Reach Out to [&hellip;]<\/p>\n","protected":false},"author":1,"featured_media":0,"parent":0,"menu_order":0,"comment_status":"closed","ping_status":"closed","template":"","meta":{"_acf_changed":false,"footnotes":""},"class_list":["post-668","page","type-page","status-publish","hentry"],"acf":[],"yoast_head":"<!-- This site is optimized with the Yoast SEO plugin v27.3 - https:\/\/yoast.com\/product\/yoast-seo-wordpress\/ -->\n<title>Contact Us | Eesti Sai<\/title>\n<meta name=\"robots\" content=\"index, follow, max-snippet:-1, max-image-preview:large, max-video-preview:-1\" \/>\n<link rel=\"canonical\" href=\"https:\/\/eestisai.ee\/kontakt\/\" \/>\n<meta property=\"og:locale\" content=\"en_US\" \/>\n<meta property=\"og:type\" content=\"article\" \/>\n<meta property=\"og:title\" content=\"Contact Us | Eesti Sai\" \/>\n<meta property=\"og:description\" content=\"Eesti Sai O\u00dc Office, production and Invoicing address:Koplipere tee 29 Rae, Rae vald, 75310, Harjumaa, EstoniaMob.: +372 555 67 416E-mail: info(at)eestisai.ee VAT:\u00a0EE101145686Registration nr.: 11384707Bank account: SWEDBANKBIC \/ SWIFT code: HABAEE2XIBAN account: EE982200221059065079 Sales Director Priit PettaiMob.: +372 5554 6007E-mail: priit(at)eestisai.ee Production Manager \/ Member of Board Timmo P\u00f5derMob.: +372 564 88 383E-mail:\u00a0timmo(at)eestisai.ee Reach Out to [&hellip;]\" \/>\n<meta property=\"og:url\" content=\"https:\/\/eestisai.ee\/kontakt\/\" \/>\n<meta property=\"og:site_name\" content=\"Eesti Sai\" \/>\n<meta property=\"article:modified_time\" content=\"2026-02-17T08:31:47+00:00\" \/>\n<meta property=\"og:image\" content=\"https:\/\/eestisai.ee\/wp-content\/uploads\/2026\/02\/EestiSai_social.png\" \/>\n\t<meta property=\"og:image:width\" content=\"1200\" \/>\n\t<meta property=\"og:image:height\" content=\"675\" \/>\n\t<meta property=\"og:image:type\" content=\"image\/png\" \/>\n<meta name=\"twitter:card\" content=\"summary_large_image\" \/>\n<script type=\"application\/ld+json\" class=\"yoast-schema-graph\">{\"@context\":\"https:\\\/\\\/schema.org\",\"@graph\":[{\"@type\":\"WebPage\",\"@id\":\"https:\\\/\\\/eestisai.ee\\\/kontakt\\\/\",\"url\":\"https:\\\/\\\/eestisai.ee\\\/kontakt\\\/\",\"name\":\"Contact Us | Eesti Sai\",\"isPartOf\":{\"@id\":\"https:\\\/\\\/eestisai.ee\\\/en\\\/#website\"},\"datePublished\":\"2026-02-05T07:42:26+00:00\",\"dateModified\":\"2026-02-17T08:31:47+00:00\",\"breadcrumb\":{\"@id\":\"https:\\\/\\\/eestisai.ee\\\/kontakt\\\/#breadcrumb\"},\"inLanguage\":\"en-US\",\"potentialAction\":[{\"@type\":\"ReadAction\",\"target\":[\"https:\\\/\\\/eestisai.ee\\\/kontakt\\\/\"]}]},{\"@type\":\"BreadcrumbList\",\"@id\":\"https:\\\/\\\/eestisai.ee\\\/kontakt\\\/#breadcrumb\",\"itemListElement\":[{\"@type\":\"ListItem\",\"position\":1,\"name\":\"Home\",\"item\":\"https:\\\/\\\/eestisai.ee\\\/en\\\/\"},{\"@type\":\"ListItem\",\"position\":2,\"name\":\"Contact Us\"}]},{\"@type\":\"WebSite\",\"@id\":\"https:\\\/\\\/eestisai.ee\\\/en\\\/#website\",\"url\":\"https:\\\/\\\/eestisai.ee\\\/en\\\/\",\"name\":\"Eesti Sai\",\"description\":\"K\u00fclmutatud toidukaupade tootmine ja hulgim\u00fc\u00fcgi\",\"publisher\":{\"@id\":\"https:\\\/\\\/eestisai.ee\\\/en\\\/#organization\"},\"potentialAction\":[{\"@type\":\"SearchAction\",\"target\":{\"@type\":\"EntryPoint\",\"urlTemplate\":\"https:\\\/\\\/eestisai.ee\\\/en\\\/?s={search_term_string}\"},\"query-input\":{\"@type\":\"PropertyValueSpecification\",\"valueRequired\":true,\"valueName\":\"search_term_string\"}}],\"inLanguage\":\"en-US\"},{\"@type\":\"Organization\",\"@id\":\"https:\\\/\\\/eestisai.ee\\\/en\\\/#organization\",\"name\":\"Eesti Sai\",\"url\":\"https:\\\/\\\/eestisai.ee\\\/en\\\/\",\"logo\":{\"@type\":\"ImageObject\",\"inLanguage\":\"en-US\",\"@id\":\"https:\\\/\\\/eestisai.ee\\\/en\\\/#\\\/schema\\\/logo\\\/image\\\/\",\"url\":\"https:\\\/\\\/www.eestisai.ee\\\/wp-content\\\/uploads\\\/2026\\\/02\\\/cropped-EestiSai_icon.png\",\"contentUrl\":\"https:\\\/\\\/www.eestisai.ee\\\/wp-content\\\/uploads\\\/2026\\\/02\\\/cropped-EestiSai_icon.png\",\"width\":512,\"height\":512,\"caption\":\"Eesti Sai\"},\"image\":{\"@id\":\"https:\\\/\\\/eestisai.ee\\\/en\\\/#\\\/schema\\\/logo\\\/image\\\/\"}}]}<\/script>\n<!-- \/ Yoast SEO plugin. -->","yoast_head_json":{"title":"Contact Us | Eesti Sai","robots":{"index":"index","follow":"follow","max-snippet":"max-snippet:-1","max-image-preview":"max-image-preview:large","max-video-preview":"max-video-preview:-1"},"canonical":"https:\/\/eestisai.ee\/kontakt\/","og_locale":"en_US","og_type":"article","og_title":"Contact Us | Eesti Sai","og_description":"Eesti Sai O\u00dc Office, production and Invoicing address:Koplipere tee 29 Rae, Rae vald, 75310, Harjumaa, EstoniaMob.: +372 555 67 416E-mail: info(at)eestisai.ee VAT:\u00a0EE101145686Registration nr.: 11384707Bank account: SWEDBANKBIC \/ SWIFT code: HABAEE2XIBAN account: EE982200221059065079 Sales Director Priit PettaiMob.: +372 5554 6007E-mail: priit(at)eestisai.ee Production Manager \/ Member of Board Timmo P\u00f5derMob.: +372 564 88 383E-mail:\u00a0timmo(at)eestisai.ee Reach Out to [&hellip;]","og_url":"https:\/\/eestisai.ee\/kontakt\/","og_site_name":"Eesti Sai","article_modified_time":"2026-02-17T08:31:47+00:00","og_image":[{"width":1200,"height":675,"url":"https:\/\/eestisai.ee\/wp-content\/uploads\/2026\/02\/EestiSai_social.png","type":"image\/png"}],"twitter_card":"summary_large_image","schema":{"@context":"https:\/\/schema.org","@graph":[{"@type":"WebPage","@id":"https:\/\/eestisai.ee\/kontakt\/","url":"https:\/\/eestisai.ee\/kontakt\/","name":"Contact Us | Eesti Sai","isPartOf":{"@id":"https:\/\/eestisai.ee\/en\/#website"},"datePublished":"2026-02-05T07:42:26+00:00","dateModified":"2026-02-17T08:31:47+00:00","breadcrumb":{"@id":"https:\/\/eestisai.ee\/kontakt\/#breadcrumb"},"inLanguage":"en-US","potentialAction":[{"@type":"ReadAction","target":["https:\/\/eestisai.ee\/kontakt\/"]}]},{"@type":"BreadcrumbList","@id":"https:\/\/eestisai.ee\/kontakt\/#breadcrumb","itemListElement":[{"@type":"ListItem","position":1,"name":"Home","item":"https:\/\/eestisai.ee\/en\/"},{"@type":"ListItem","position":2,"name":"Contact Us"}]},{"@type":"WebSite","@id":"https:\/\/eestisai.ee\/en\/#website","url":"https:\/\/eestisai.ee\/en\/","name":"Eesti Sai","description":"K\u00fclmutatud toidukaupade tootmine ja hulgim\u00fc\u00fcgi","publisher":{"@id":"https:\/\/eestisai.ee\/en\/#organization"},"potentialAction":[{"@type":"SearchAction","target":{"@type":"EntryPoint","urlTemplate":"https:\/\/eestisai.ee\/en\/?s={search_term_string}"},"query-input":{"@type":"PropertyValueSpecification","valueRequired":true,"valueName":"search_term_string"}}],"inLanguage":"en-US"},{"@type":"Organization","@id":"https:\/\/eestisai.ee\/en\/#organization","name":"Eesti Sai","url":"https:\/\/eestisai.ee\/en\/","logo":{"@type":"ImageObject","inLanguage":"en-US","@id":"https:\/\/eestisai.ee\/en\/#\/schema\/logo\/image\/","url":"https:\/\/www.eestisai.ee\/wp-content\/uploads\/2026\/02\/cropped-EestiSai_icon.png","contentUrl":"https:\/\/www.eestisai.ee\/wp-content\/uploads\/2026\/02\/cropped-EestiSai_icon.png","width":512,"height":512,"caption":"Eesti Sai"},"image":{"@id":"https:\/\/eestisai.ee\/en\/#\/schema\/logo\/image\/"}}]}},"_links":{"self":[{"href":"https:\/\/eestisai.ee\/en\/wp-json\/wp\/v2\/pages\/668","targetHints":{"allow":["GET"]}}],"collection":[{"href":"https:\/\/eestisai.ee\/en\/wp-json\/wp\/v2\/pages"}],"about":[{"href":"https:\/\/eestisai.ee\/en\/wp-json\/wp\/v2\/types\/page"}],"author":[{"embeddable":true,"href":"https:\/\/eestisai.ee\/en\/wp-json\/wp\/v2\/users\/1"}],"replies":[{"embeddable":true,"href":"https:\/\/eestisai.ee\/en\/wp-json\/wp\/v2\/comments?post=668"}],"version-history":[{"count":16,"href":"https:\/\/eestisai.ee\/en\/wp-json\/wp\/v2\/pages\/668\/revisions"}],"predecessor-version":[{"id":685,"href":"https:\/\/eestisai.ee\/en\/wp-json\/wp\/v2\/pages\/668\/revisions\/685"}],"wp:attachment":[{"href":"https:\/\/eestisai.ee\/en\/wp-json\/wp\/v2\/media?parent=668"}],"curies":[{"name":"wp","href":"https:\/\/api.w.org\/{rel}","templated":true}]}}