{"id":659,"date":"2026-02-13T11:48:58","date_gmt":"2026-02-13T09:48:58","guid":{"rendered":"https:\/\/www.eestisai.ee\/firmast\/"},"modified":"2026-02-17T06:59:23","modified_gmt":"2026-02-17T06:59:23","slug":"firmast","status":"publish","type":"page","link":"https:\/\/eestisai.ee\/en\/firmast\/","title":{"rendered":"About Us"},"content":{"rendered":"\t\t<div data-elementor-type=\"wp-page\" data-elementor-id=\"659\" class=\"elementor elementor-659 elementor-319\" data-elementor-post-type=\"page\">\n\t\t\t\t<div class=\"elementor-element elementor-element-f20f05f e-flex e-con-boxed e-con e-parent\" data-id=\"f20f05f\" data-element_type=\"container\" data-e-type=\"container\">\n\t\t\t\t\t<div class=\"e-con-inner\">\n\t\t<div class=\"elementor-element elementor-element-2b3903f e-con-full e-flex e-con e-child\" data-id=\"2b3903f\" data-element_type=\"container\" data-e-type=\"container\" data-settings=\"{&quot;background_background&quot;:&quot;classic&quot;}\">\n\t\t\t\t<\/div>\n\t\t\t\t\t<\/div>\n\t\t\t\t<\/div>\n\t\t<div class=\"elementor-element elementor-element-b6610a2 e-flex e-con-boxed e-con e-parent\" data-id=\"b6610a2\" data-element_type=\"container\" data-e-type=\"container\">\n\t\t\t\t\t<div class=\"e-con-inner\">\n\t\t\t\t<div class=\"elementor-element elementor-element-748a157 elementor-widget elementor-widget-heading\" data-id=\"748a157\" data-element_type=\"widget\" data-e-type=\"widget\" data-widget_type=\"heading.default\">\n\t\t\t\t\t<h1 class=\"elementor-heading-title elementor-size-default\">About Us<\/h1>\t\t\t\t<\/div>\n\t\t\t\t<div class=\"elementor-element elementor-element-390fa8d elementor-widget elementor-widget-text-editor\" data-id=\"390fa8d\" data-element_type=\"widget\" data-e-type=\"widget\" data-widget_type=\"text-editor.default\">\n\t\t\t\t\t\t\t\t\t<div class=\"sidebar\"><div class=\"box sub-menu\"><p class=\"p1\">Eesti Sai O\u00dc is one of Estonia\u2019s leading producers of frozen bakery products. Our branded products have been available in stores since 2007. We operate as an established frozen food manufacturer, wholesaler, and brokerage partner. We value local raw materials and understand consumer preferences. This approach has earned the trust and loyalty of our B2B partners and their customers.<\/p><\/div><\/div><div class=\"content\"><p>Pakutavad tooter\u00fchmad:\u00a0<\/p><ul><li><p>Bake-off products (small bread) \u00a0<\/p><\/li><li><p>Doughs \u00a0<\/p><\/li><li><p>Pretzels<\/p><\/li><li><p>Pizzas\u00a0<\/p><\/li><li><p>Chinese Spring Rolls<\/p><\/li><li><p>Frozen food<\/p>\u00a0<\/li><\/ul><p>We produce goods with affordable price and high quality, easy to prepare.<br \/>Our products are available in well-eqiupped Retail Chains, Supermarkets, HoReCa (Hotels\/Catering\/Reataurant) sectors.<\/p><p>The <strong>MISSION<\/strong> of <strong>Eesti Sai O\u00dc\/Ltd<\/strong> is to make the best quality bakery products by using the best ingredients and modern technology.<br \/><br \/>The <strong>VISIO<\/strong><strong>N <\/strong>of <strong>Eesti Sai O\u00dc\/Ltd<\/strong> is to remain the best bakery in Estonia that meets the consumers needs by offering high quality products.<br \/><br \/><strong>Eesti Sai O\u00dc\/Ltd<\/strong> target is to become the preferred partner of frozen convenience products supplier in whole Europe.<br \/>\u00a0<\/p><p><strong>BENEFITS <\/strong>we offer:<\/p><ul><li>flexibility\u00a0to meet\u00a0each customers needs<\/li><li>products and packaging can be customized<\/li><li>low MOQ, and short lead time<\/li><li>healthy and natural ingredients<br \/>\u00a0<\/li><\/ul><p><strong>We are looking B2B customers (retail, wholesale, distributors) for the following sectors Worldwide:<\/strong><\/p><ul><li>Mass Retails<\/li><li>Supermarkets<\/li><li>HoReCa (Hotels, Restaurants, Catering)<br \/>\u00a0<\/li><\/ul><p>For any questions regarding B2B co-operation (retail, wholesale, distribution), please contact directly our Sales Director <strong>(Mr) Priit Pettai<\/strong>: <a href=\"mailto:priit@eestisai.ee\"><strong>priit@eestisai.ee<\/strong><\/a><\/p><\/div>\t\t\t\t\t\t\t\t<\/div>\n\t\t\t\t<div class=\"elementor-element elementor-element-be5cb0e elementor-widget elementor-widget-heading\" data-id=\"be5cb0e\" data-element_type=\"widget\" data-e-type=\"widget\" data-widget_type=\"heading.default\">\n\t\t\t\t\t<h2 class=\"elementor-heading-title elementor-size-default\">Quality Control<\/h2>\t\t\t\t<\/div>\n\t\t\t\t<div class=\"elementor-element elementor-element-60a1f04 elementor-widget elementor-widget-text-editor\" data-id=\"60a1f04\" data-element_type=\"widget\" data-e-type=\"widget\" data-widget_type=\"text-editor.default\">\n\t\t\t\t\t\t\t\t\t<div>Food safety and continuity in the implementation of our activities to ensure customer satisfaction are top priorities for us today and in the future.<\/div><div>\u00a0<\/div><div><strong>Eesti Sai O\u00dc\/Ltd<\/strong> has the approval of the <strong>Estonian Veterinary and Food Board No. 1743<\/strong> and performs self-checking according to <strong>HACCP principles<\/strong>.<br \/>\u00a0<\/div><p><strong>Eesti Sai O\u00dc\/Ltd<\/strong> has been awarded the <strong>The Food Safety Management System ISO 22000: 2018<\/strong> certificate.<\/p>\t\t\t\t\t\t\t\t<\/div>\n\t\t\t\t<div class=\"elementor-element elementor-element-a792d73 elementor-widget elementor-widget-image\" data-id=\"a792d73\" data-element_type=\"widget\" data-e-type=\"widget\" data-widget_type=\"image.default\">\n\t\t\t\t\t\t\t\t\t\t\t\t\t\t\t<img decoding=\"async\" width=\"300\" height=\"101\" src=\"https:\/\/eestisai.ee\/wp-content\/uploads\/2026\/02\/metrosert-300x101.png\" class=\"attachment-medium size-medium wp-image-661\" alt=\"\" srcset=\"https:\/\/eestisai.ee\/wp-content\/uploads\/2026\/02\/metrosert-300x101.png 300w, https:\/\/eestisai.ee\/wp-content\/uploads\/2026\/02\/metrosert.png 461w\" sizes=\"(max-width: 300px) 100vw, 300px\" \/>\t\t\t\t\t\t\t\t\t\t\t\t\t\t\t<\/div>\n\t\t\t\t\t<\/div>\n\t\t\t\t<\/div>\n\t\t\t\t<\/div>\n\t\t","protected":false},"excerpt":{"rendered":"<p>Eesti Sai O\u00dc is one of Estonia\u2019s leading producers of frozen bakery products. Our branded products have been available in stores since 2007. We operate as an established frozen food manufacturer, wholesaler, and brokerage partner. We value local raw materials and understand consumer preferences. This approach has earned the trust and loyalty of our B2B [&hellip;]<\/p>\n","protected":false},"author":1,"featured_media":0,"parent":0,"menu_order":0,"comment_status":"closed","ping_status":"closed","template":"","meta":{"_acf_changed":false,"footnotes":""},"class_list":["post-659","page","type-page","status-publish","hentry"],"acf":[],"yoast_head":"<!-- This site is optimized with the Yoast SEO plugin v27.3 - https:\/\/yoast.com\/product\/yoast-seo-wordpress\/ -->\n<title>About Us | Eesti Sai<\/title>\n<meta name=\"robots\" content=\"index, follow, max-snippet:-1, max-image-preview:large, max-video-preview:-1\" \/>\n<link rel=\"canonical\" href=\"https:\/\/eestisai.ee\/firmast\/\" \/>\n<meta property=\"og:locale\" content=\"en_US\" \/>\n<meta property=\"og:type\" content=\"article\" \/>\n<meta property=\"og:title\" content=\"About Us | Eesti Sai\" \/>\n<meta property=\"og:description\" content=\"Eesti Sai O\u00dc is one of Estonia\u2019s leading producers of frozen bakery products. Our branded products have been available in stores since 2007. We operate as an established frozen food manufacturer, wholesaler, and brokerage partner. We value local raw materials and understand consumer preferences. This approach has earned the trust and loyalty of our B2B [&hellip;]\" \/>\n<meta property=\"og:url\" content=\"https:\/\/eestisai.ee\/firmast\/\" \/>\n<meta property=\"og:site_name\" content=\"Eesti Sai\" \/>\n<meta property=\"article:modified_time\" content=\"2026-02-17T06:59:23+00:00\" \/>\n<meta property=\"og:image\" content=\"https:\/\/www.eestisai.ee\/wp-content\/uploads\/2026\/02\/metrosert-300x101.png\" \/>\n<meta name=\"twitter:card\" content=\"summary_large_image\" \/>\n<meta name=\"twitter:label1\" content=\"Est. reading time\" \/>\n\t<meta name=\"twitter:data1\" content=\"1 minute\" \/>\n<script type=\"application\/ld+json\" class=\"yoast-schema-graph\">{\"@context\":\"https:\\\/\\\/schema.org\",\"@graph\":[{\"@type\":\"WebPage\",\"@id\":\"https:\\\/\\\/eestisai.ee\\\/firmast\\\/\",\"url\":\"https:\\\/\\\/eestisai.ee\\\/firmast\\\/\",\"name\":\"About Us | Eesti Sai\",\"isPartOf\":{\"@id\":\"https:\\\/\\\/eestisai.ee\\\/en\\\/#website\"},\"primaryImageOfPage\":{\"@id\":\"https:\\\/\\\/eestisai.ee\\\/firmast\\\/#primaryimage\"},\"image\":{\"@id\":\"https:\\\/\\\/eestisai.ee\\\/firmast\\\/#primaryimage\"},\"thumbnailUrl\":\"https:\\\/\\\/www.eestisai.ee\\\/wp-content\\\/uploads\\\/2026\\\/02\\\/metrosert-300x101.png\",\"datePublished\":\"2026-02-13T09:48:58+00:00\",\"dateModified\":\"2026-02-17T06:59:23+00:00\",\"breadcrumb\":{\"@id\":\"https:\\\/\\\/eestisai.ee\\\/firmast\\\/#breadcrumb\"},\"inLanguage\":\"en-US\",\"potentialAction\":[{\"@type\":\"ReadAction\",\"target\":[\"https:\\\/\\\/eestisai.ee\\\/firmast\\\/\"]}]},{\"@type\":\"ImageObject\",\"inLanguage\":\"en-US\",\"@id\":\"https:\\\/\\\/eestisai.ee\\\/firmast\\\/#primaryimage\",\"url\":\"https:\\\/\\\/www.eestisai.ee\\\/wp-content\\\/uploads\\\/2026\\\/02\\\/metrosert-300x101.png\",\"contentUrl\":\"https:\\\/\\\/www.eestisai.ee\\\/wp-content\\\/uploads\\\/2026\\\/02\\\/metrosert-300x101.png\"},{\"@type\":\"BreadcrumbList\",\"@id\":\"https:\\\/\\\/eestisai.ee\\\/firmast\\\/#breadcrumb\",\"itemListElement\":[{\"@type\":\"ListItem\",\"position\":1,\"name\":\"Home\",\"item\":\"https:\\\/\\\/eestisai.ee\\\/en\\\/\"},{\"@type\":\"ListItem\",\"position\":2,\"name\":\"About Us\"}]},{\"@type\":\"WebSite\",\"@id\":\"https:\\\/\\\/eestisai.ee\\\/en\\\/#website\",\"url\":\"https:\\\/\\\/eestisai.ee\\\/en\\\/\",\"name\":\"Eesti Sai\",\"description\":\"K\u00fclmutatud toidukaupade tootmine ja hulgim\u00fc\u00fcgi\",\"publisher\":{\"@id\":\"https:\\\/\\\/eestisai.ee\\\/en\\\/#organization\"},\"potentialAction\":[{\"@type\":\"SearchAction\",\"target\":{\"@type\":\"EntryPoint\",\"urlTemplate\":\"https:\\\/\\\/eestisai.ee\\\/en\\\/?s={search_term_string}\"},\"query-input\":{\"@type\":\"PropertyValueSpecification\",\"valueRequired\":true,\"valueName\":\"search_term_string\"}}],\"inLanguage\":\"en-US\"},{\"@type\":\"Organization\",\"@id\":\"https:\\\/\\\/eestisai.ee\\\/en\\\/#organization\",\"name\":\"Eesti Sai\",\"url\":\"https:\\\/\\\/eestisai.ee\\\/en\\\/\",\"logo\":{\"@type\":\"ImageObject\",\"inLanguage\":\"en-US\",\"@id\":\"https:\\\/\\\/eestisai.ee\\\/en\\\/#\\\/schema\\\/logo\\\/image\\\/\",\"url\":\"https:\\\/\\\/www.eestisai.ee\\\/wp-content\\\/uploads\\\/2026\\\/02\\\/cropped-EestiSai_icon.png\",\"contentUrl\":\"https:\\\/\\\/www.eestisai.ee\\\/wp-content\\\/uploads\\\/2026\\\/02\\\/cropped-EestiSai_icon.png\",\"width\":512,\"height\":512,\"caption\":\"Eesti Sai\"},\"image\":{\"@id\":\"https:\\\/\\\/eestisai.ee\\\/en\\\/#\\\/schema\\\/logo\\\/image\\\/\"}}]}<\/script>\n<!-- \/ Yoast SEO plugin. -->","yoast_head_json":{"title":"About Us | Eesti Sai","robots":{"index":"index","follow":"follow","max-snippet":"max-snippet:-1","max-image-preview":"max-image-preview:large","max-video-preview":"max-video-preview:-1"},"canonical":"https:\/\/eestisai.ee\/firmast\/","og_locale":"en_US","og_type":"article","og_title":"About Us | Eesti Sai","og_description":"Eesti Sai O\u00dc is one of Estonia\u2019s leading producers of frozen bakery products. Our branded products have been available in stores since 2007. We operate as an established frozen food manufacturer, wholesaler, and brokerage partner. We value local raw materials and understand consumer preferences. This approach has earned the trust and loyalty of our B2B [&hellip;]","og_url":"https:\/\/eestisai.ee\/firmast\/","og_site_name":"Eesti Sai","article_modified_time":"2026-02-17T06:59:23+00:00","og_image":[{"url":"https:\/\/www.eestisai.ee\/wp-content\/uploads\/2026\/02\/metrosert-300x101.png","type":"","width":"","height":""}],"twitter_card":"summary_large_image","twitter_misc":{"Est. reading time":"1 minute"},"schema":{"@context":"https:\/\/schema.org","@graph":[{"@type":"WebPage","@id":"https:\/\/eestisai.ee\/firmast\/","url":"https:\/\/eestisai.ee\/firmast\/","name":"About Us | Eesti Sai","isPartOf":{"@id":"https:\/\/eestisai.ee\/en\/#website"},"primaryImageOfPage":{"@id":"https:\/\/eestisai.ee\/firmast\/#primaryimage"},"image":{"@id":"https:\/\/eestisai.ee\/firmast\/#primaryimage"},"thumbnailUrl":"https:\/\/www.eestisai.ee\/wp-content\/uploads\/2026\/02\/metrosert-300x101.png","datePublished":"2026-02-13T09:48:58+00:00","dateModified":"2026-02-17T06:59:23+00:00","breadcrumb":{"@id":"https:\/\/eestisai.ee\/firmast\/#breadcrumb"},"inLanguage":"en-US","potentialAction":[{"@type":"ReadAction","target":["https:\/\/eestisai.ee\/firmast\/"]}]},{"@type":"ImageObject","inLanguage":"en-US","@id":"https:\/\/eestisai.ee\/firmast\/#primaryimage","url":"https:\/\/www.eestisai.ee\/wp-content\/uploads\/2026\/02\/metrosert-300x101.png","contentUrl":"https:\/\/www.eestisai.ee\/wp-content\/uploads\/2026\/02\/metrosert-300x101.png"},{"@type":"BreadcrumbList","@id":"https:\/\/eestisai.ee\/firmast\/#breadcrumb","itemListElement":[{"@type":"ListItem","position":1,"name":"Home","item":"https:\/\/eestisai.ee\/en\/"},{"@type":"ListItem","position":2,"name":"About Us"}]},{"@type":"WebSite","@id":"https:\/\/eestisai.ee\/en\/#website","url":"https:\/\/eestisai.ee\/en\/","name":"Eesti Sai","description":"K\u00fclmutatud toidukaupade tootmine ja hulgim\u00fc\u00fcgi","publisher":{"@id":"https:\/\/eestisai.ee\/en\/#organization"},"potentialAction":[{"@type":"SearchAction","target":{"@type":"EntryPoint","urlTemplate":"https:\/\/eestisai.ee\/en\/?s={search_term_string}"},"query-input":{"@type":"PropertyValueSpecification","valueRequired":true,"valueName":"search_term_string"}}],"inLanguage":"en-US"},{"@type":"Organization","@id":"https:\/\/eestisai.ee\/en\/#organization","name":"Eesti Sai","url":"https:\/\/eestisai.ee\/en\/","logo":{"@type":"ImageObject","inLanguage":"en-US","@id":"https:\/\/eestisai.ee\/en\/#\/schema\/logo\/image\/","url":"https:\/\/www.eestisai.ee\/wp-content\/uploads\/2026\/02\/cropped-EestiSai_icon.png","contentUrl":"https:\/\/www.eestisai.ee\/wp-content\/uploads\/2026\/02\/cropped-EestiSai_icon.png","width":512,"height":512,"caption":"Eesti Sai"},"image":{"@id":"https:\/\/eestisai.ee\/en\/#\/schema\/logo\/image\/"}}]}},"_links":{"self":[{"href":"https:\/\/eestisai.ee\/en\/wp-json\/wp\/v2\/pages\/659","targetHints":{"allow":["GET"]}}],"collection":[{"href":"https:\/\/eestisai.ee\/en\/wp-json\/wp\/v2\/pages"}],"about":[{"href":"https:\/\/eestisai.ee\/en\/wp-json\/wp\/v2\/types\/page"}],"author":[{"embeddable":true,"href":"https:\/\/eestisai.ee\/en\/wp-json\/wp\/v2\/users\/1"}],"replies":[{"embeddable":true,"href":"https:\/\/eestisai.ee\/en\/wp-json\/wp\/v2\/comments?post=659"}],"version-history":[{"count":4,"href":"https:\/\/eestisai.ee\/en\/wp-json\/wp\/v2\/pages\/659\/revisions"}],"predecessor-version":[{"id":666,"href":"https:\/\/eestisai.ee\/en\/wp-json\/wp\/v2\/pages\/659\/revisions\/666"}],"wp:attachment":[{"href":"https:\/\/eestisai.ee\/en\/wp-json\/wp\/v2\/media?parent=659"}],"curies":[{"name":"wp","href":"https:\/\/api.w.org\/{rel}","templated":true}]}}